{"id":1839,"date":"2023-06-19T06:48:14","date_gmt":"2023-06-19T06:48:14","guid":{"rendered":"https:\/\/beta.climallorca.net\/?post_type=product&#038;p=1839"},"modified":"2025-04-09T20:49:15","modified_gmt":"2025-04-09T20:49:15","slug":"mitsubishi-msz-hr25vf-2000-frigorias","status":"publish","type":"product","link":"https:\/\/climallorca.net\/en\/shop\/split-type-air-conditioners\/mitsubishi-msz-hr25vf-2000-frigorias\/","title":{"rendered":"MITSUBISHI MSZ-HR25VF (2000 frigor\u00edas)"},"content":{"rendered":"<div class=\"clearfix text-formatted field field--name-body field--type-text-with-summary field--label-hidden field__item\">\n<h2><strong>Caracter\u00edsticas del Aire Acondicionado Mitsubishi MSZ-HR25VF:<\/strong><\/h2>\n<p>Los equipos de Mitsubishi de la gama HR, sustituyen a los equipos con gas R-410 gama DM. Al llevar el nuevo gas\u00a0<strong>R-32<\/strong>\u00a0son equipos m\u00e1s eficientes que los antiguos consiguiendo una eficiencia energ\u00e9tica de\u00a0<strong>A++\/A+<\/strong>\u00a0fr\u00edo\/calor. Su capacidad frigor\u00edfica es de\u00a0<strong>2.150\u00a0Kcal\/h<\/strong>\u00a0y en modo calor de\u00a0<strong>2.709\u00a0Kcal\/h<\/strong>.<\/p>\n<p><strong>Tecnolog\u00eda DC inverter,<\/strong>\u00a0para ajustar el rendimiento del compresor a los cambios de temperatura en el interior de la vivienda, optimizando rendimiento y consiguiendo un buen confort y ahorro energ\u00e9tico.<\/p>\n<p><strong>Modo Econo Cool<\/strong>\u00a0que optimiza el funcionamiento del aparato y por ello se consigue hasta un ahorro del 20%.<\/p>\n<p>Despu\u00e9s de un fallo el\u00e9ctrico con el\u00a0<strong>modo Auto Arranque,<\/strong>\u00a0el equipo autom\u00e1ticamente arrancar\u00e1 de nuevo una vez reestablecida la corriente.<\/p>\n<p>En modo bomba la unidad puede funcionar hasta -15\u00baC con el sistenam\u00a0<strong>HEATING AT -15\u00baC<\/strong><\/p>\n<p><strong>Temporizador 12\/24<\/strong>\u00a0para poder dar la orden de encendido y apagado cada d\u00eda de la semana.<\/p>\n<p>Opci\u00f3n de uso con Wifi comprando el adaptador wifi MAC 567IF y descargando la App, de Mitsubishi gratuita. Pueden ver el adaptador en el siguiente enlace:<br \/>\n<a href=\"https:\/\/www.climahorro.es\/termostatos\/adaptador-wifi-para-control-por-internet-de-mitsubishi-mac-567if.html\">MAC 567 IF<\/a><\/p>\n<p>Movimiento autom\u00e1tico horizontal de las lamas con el\u00a0<strong>SWING HORIZONTAL<\/strong>. Con este modo se contola la oscilaci\u00f3n continua de las lamas de forma horizontal.<\/p>\n<p>La velocidad de aire del ventilador se ajusta autom\u00e1ticamente seg\u00fan necesidades requeridas con el\u00a0<strong>AUTO AJUSTE DEL VENTILADOR<\/strong><\/p>\n<p>Su\u00a0<strong>funci\u00f3n autodiagn\u00f3stico<\/strong>\u00a0comprueba el estado del aparato.<\/p>\n<p><strong>El AUTO VANE<\/strong>, controla la oscilaci\u00f3n continua de las lamas climatizando m\u00e1s r\u00e1pidamente cualquier estancia.<\/p>\n<p><strong>Filtro antial\u00e9rgico<\/strong>, capaz de eliminar del ambiente elemento al\u00e9rgenos.<\/p>\n<p><strong>Tecnolog\u00eda Replace<\/strong>, para poder aprovechar las tuber\u00edas existentes.<\/p>\n<h3><strong>Ficha t\u00e9cnica del Aire acondicionado Mitsubishi MSZ-HR25VF:<\/strong><\/h3>\n<ul>\n<li>REF Unidad Interior: MSZ-HR25VF<\/li>\n<li>REF Unidad Externa: MUZ-HR25VF<\/li>\n<li><strong>EL CONJUNTO SE LLAMA: MSZ-HR25VF<\/strong><\/li>\n<\/ul>\n<p><strong>Datos generales del equipo:<\/strong><\/p>\n<ul>\n<li>Capacidad en fr\u00edo nominal (m\u00edn\/m\u00e1x):\u00a02,5 (0,5\/2,9) kW<\/li>\n<li>Capacidad en calor nominal (m\u00edn\/m\u00e1x): 3,15(0,5\/3,5)kW<\/li>\n<li>Capacidad en Kcal\/h(fr\u00edo): 2150 Kcal\/h<\/li>\n<li>Capacidad en Kcal\/h(calor):\u00a02.709 Kcal\/h<\/li>\n<li>Consumo nominal fr\u00edo\/calor: 0,8\/0,85 kW<\/li>\n<li>Consumo el\u00e9ctrico anual fr\u00edo: 141 kW\/a\u00f1o<\/li>\n<li>Consumo el\u00e9ctrico anual calor zona intermedia:\u00a0614 kW\/a\u00f1o<\/li>\n<li>Consumo el\u00e9ctrico anual calor zona c\u00e1lida: 289kW\/a\u00f1o\/<\/li>\n<li>Coeficiente energ\u00e9tico EER\/COP: 3,13\/3,71<\/li>\n<li>Coeficiente energ\u00e9tico SEER(Etiqueta): 6,2(A++)<\/li>\n<li>Coeficiente energ\u00e9tico SCOP zona clim\u00e1tica intermedia (etiqueta): 4,2 (A+)<\/li>\n<li>Coeficiente energ\u00e9tico SCOP zona clim\u00e1tica c\u00e1lida (etiqueta): 5,3 (A+++)<\/li>\n<li>Tensi\u00f3n\/Fases-Intesidad m\u00e1xima: 230\/1 6,7A<\/li>\n<li>Di\u00e1metro tuber\u00edas l\u00edquido\/gas: 6,35\/9,52 mm\u00a0 1\/4-3\/8&#8243;<\/li>\n<li>Longitud m\u00e1xima tuber\u00eda vertical\/total: 12\/20m<\/li>\n<li>Rango operaci\u00f3n temperatura exterior para refrigeraci\u00f3n: -10\/+46\u00baC<\/li>\n<li>Rango operaci\u00f3n temperatura exterior para calefacci\u00f3n: -10\/+24\u00baC<\/li>\n<\/ul>\n<p><strong>Datos unidad interna:<\/strong><\/p>\n<ul>\n<li>Caudal de aire (Baja\/media\/alta\/m\u00e1xima): 3,6\/5,4\/7,2\/9,7m3\/min.<\/li>\n<li>Nivel sonoro<strong>\u00a0<\/strong>(Baja\/media\/alta\/m\u00e1xima): 21\/30\/37\/43 dB(A)<\/li>\n<li>Potencia sonora: 57 dB(A)<\/li>\n<li><strong>Dimensiones alto x ancho x fondo: 280x838x228mm<\/strong><\/li>\n<li><strong>Peso: 8,5 kg<\/strong><\/li>\n<\/ul>\n<p><strong>Datos unidad externa:\u00a0<\/strong><\/p>\n<ul>\n<li>Caudal de aire: 30,3m3\/min.<\/li>\n<li>Nivel sonoro: 50 dB(A)<\/li>\n<li>Potencia sonora: 63 dB(A)<\/li>\n<li><strong>Medidas alto x ancho x fondo: 538x699x249mm<\/strong><\/li>\n<li><strong>Peso: 23 kg<\/strong><\/li>\n<li>Refrigerante\/cantidad:\u00a0<strong>R-32\/0,40 kg<\/strong><\/li>\n<\/ul>\n<ul>\n<li>\n<h3>Garant\u00eda:<\/h3>\n<p>2 a\u00f1os de garant\u00eda del fabricante Mitsubishi Electric.<\/li>\n<\/ul>\n<\/div>\n<div class=\"field field--name-field-superficie field--type-list-string field--label-inline clearfix\">\n<div class=\"field__label\">Superficie<\/div>\n<div class=\"field__items\">\n<div class=\"field__item\">Hasta 20 m2<\/div>\n<\/div>\n<\/div>\n","protected":false},"excerpt":{"rendered":"<p>Los equipos de Mitsubishi de la gama HR, sustituyen a los equipos con gas R-410 gama DM. Al llevar el nuevo gas\u00a0<strong>R-32<\/strong>\u00a0son equipos m\u00e1s eficientes que los antiguos consiguiendo una eficiencia energ\u00e9tica de\u00a0<strong>A++\/A+<\/strong>\u00a0fr\u00edo\/calor. Su capacidad frigor\u00edfica es de\u00a0<strong>2.150\u00a0Kcal\/h<\/strong>\u00a0y en modo calor de\u00a0<strong>2.709\u00a0Kcal\/h<\/strong>.<\/p>\n","protected":false},"featured_media":1879,"comment_status":"closed","ping_status":"closed","template":"","meta":[],"product_brand":[],"product_cat":[302],"product_tag":[],"class_list":{"0":"post-1839","1":"product","2":"type-product","3":"status-publish","4":"has-post-thumbnail","6":"product_cat-aire-acondicionado-tipo-split","8":"first","9":"instock","10":"shipping-taxable","11":"purchasable","12":"product-type-simple"},"yoast_head":"<!-- This site is optimized with the Yoast SEO plugin v26.6 - https:\/\/yoast.com\/wordpress\/plugins\/seo\/ -->\n<title>MITSUBISHI MSZ-HR25VF (2000 frigor\u00edas) - Climallorca<\/title>\n<meta name=\"description\" content=\"Los equipos de Mitsubishi de la gama HR, sustituyen a los equipos con gas R-410 gama DM. Al llevar el nuevo gas\u00a0R-32\u00a0son equipos m\u00e1s eficientes\" \/>\n<meta name=\"robots\" content=\"index, follow, max-snippet:-1, max-image-preview:large, max-video-preview:-1\" \/>\n<link rel=\"canonical\" href=\"https:\/\/climallorca.net\/en\/shop\/split-type-air-conditioners\/mitsubishi-msz-hr25vf-2000-frigorias\/\" \/>\n<meta property=\"og:locale\" content=\"en_US\" \/>\n<meta property=\"og:type\" content=\"article\" \/>\n<meta property=\"og:title\" content=\"MITSUBISHI MSZ-HR25VF (2000 frigor\u00edas) - Climallorca\" \/>\n<meta property=\"og:description\" content=\"Los equipos de Mitsubishi de la gama HR, sustituyen a los equipos con gas R-410 gama DM. Al llevar el nuevo gas\u00a0R-32\u00a0son equipos m\u00e1s eficientes\" \/>\n<meta property=\"og:url\" content=\"https:\/\/climallorca.net\/en\/shop\/split-type-air-conditioners\/mitsubishi-msz-hr25vf-2000-frigorias\/\" \/>\n<meta property=\"og:site_name\" content=\"Climallorca\" \/>\n<meta property=\"article:publisher\" content=\"https:\/\/es-es.facebook.com\/pg\/Climallorca-413811012141219\/posts\/\" \/>\n<meta property=\"article:modified_time\" content=\"2025-04-09T20:49:15+00:00\" \/>\n<meta property=\"og:image\" content=\"https:\/\/climallorca.net\/wp-content\/uploads\/2023\/06\/03-mitsubishi-electric-msz-hr25vf.jpg\" \/>\n\t<meta property=\"og:image:width\" content=\"800\" \/>\n\t<meta property=\"og:image:height\" content=\"913\" \/>\n\t<meta property=\"og:image:type\" content=\"image\/jpeg\" \/>\n<meta name=\"twitter:card\" content=\"summary_large_image\" \/>\n<meta name=\"twitter:label1\" content=\"Est. reading time\" \/>\n\t<meta name=\"twitter:data1\" content=\"3 minutes\" \/>\n<script type=\"application\/ld+json\" class=\"yoast-schema-graph\">{\"@context\":\"https:\/\/schema.org\",\"@graph\":[{\"@type\":\"WebPage\",\"@id\":\"https:\/\/climallorca.net\/en\/shop\/split-type-air-conditioners\/mitsubishi-msz-hr25vf-2000-frigorias\/\",\"url\":\"https:\/\/climallorca.net\/en\/shop\/split-type-air-conditioners\/mitsubishi-msz-hr25vf-2000-frigorias\/\",\"name\":\"MITSUBISHI MSZ-HR25VF (2000 frigor\u00edas) - Climallorca\",\"isPartOf\":{\"@id\":\"https:\/\/climallorca.net\/en\/#website\"},\"primaryImageOfPage\":{\"@id\":\"https:\/\/climallorca.net\/en\/shop\/split-type-air-conditioners\/mitsubishi-msz-hr25vf-2000-frigorias\/#primaryimage\"},\"image\":{\"@id\":\"https:\/\/climallorca.net\/en\/shop\/split-type-air-conditioners\/mitsubishi-msz-hr25vf-2000-frigorias\/#primaryimage\"},\"thumbnailUrl\":\"https:\/\/climallorca.net\/wp-content\/uploads\/2023\/06\/03-mitsubishi-electric-msz-hr25vf.jpg\",\"datePublished\":\"2023-06-19T06:48:14+00:00\",\"dateModified\":\"2025-04-09T20:49:15+00:00\",\"description\":\"Los equipos de Mitsubishi de la gama HR, sustituyen a los equipos con gas R-410 gama DM. Al llevar el nuevo gas\u00a0R-32\u00a0son equipos m\u00e1s eficientes\",\"breadcrumb\":{\"@id\":\"https:\/\/climallorca.net\/en\/shop\/split-type-air-conditioners\/mitsubishi-msz-hr25vf-2000-frigorias\/#breadcrumb\"},\"inLanguage\":\"en-US\",\"potentialAction\":[{\"@type\":\"ReadAction\",\"target\":[\"https:\/\/climallorca.net\/en\/shop\/split-type-air-conditioners\/mitsubishi-msz-hr25vf-2000-frigorias\/\"]}]},{\"@type\":\"ImageObject\",\"inLanguage\":\"en-US\",\"@id\":\"https:\/\/climallorca.net\/en\/shop\/split-type-air-conditioners\/mitsubishi-msz-hr25vf-2000-frigorias\/#primaryimage\",\"url\":\"https:\/\/climallorca.net\/wp-content\/uploads\/2023\/06\/03-mitsubishi-electric-msz-hr25vf.jpg\",\"contentUrl\":\"https:\/\/climallorca.net\/wp-content\/uploads\/2023\/06\/03-mitsubishi-electric-msz-hr25vf.jpg\",\"width\":800,\"height\":913},{\"@type\":\"BreadcrumbList\",\"@id\":\"https:\/\/climallorca.net\/en\/shop\/split-type-air-conditioners\/mitsubishi-msz-hr25vf-2000-frigorias\/#breadcrumb\",\"itemListElement\":[{\"@type\":\"ListItem\",\"position\":1,\"name\":\"Portada\",\"item\":\"https:\/\/climallorca.net\/en\/\"},{\"@type\":\"ListItem\",\"position\":2,\"name\":\"Shop\",\"item\":\"https:\/\/climallorca.net\/en\/shop\/\"},{\"@type\":\"ListItem\",\"position\":3,\"name\":\"MITSUBISHI MSZ-HR25VF (2000 frigor\u00edas)\"}]},{\"@type\":\"WebSite\",\"@id\":\"https:\/\/climallorca.net\/en\/#website\",\"url\":\"https:\/\/climallorca.net\/en\/\",\"name\":\"Climallorca\",\"description\":\"Climatizaci\u00f3n y fr\u00edo industrial\",\"publisher\":{\"@id\":\"https:\/\/climallorca.net\/en\/#organization\"},\"potentialAction\":[{\"@type\":\"SearchAction\",\"target\":{\"@type\":\"EntryPoint\",\"urlTemplate\":\"https:\/\/climallorca.net\/en\/?s={search_term_string}\"},\"query-input\":{\"@type\":\"PropertyValueSpecification\",\"valueRequired\":true,\"valueName\":\"search_term_string\"}}],\"inLanguage\":\"en-US\"},{\"@type\":\"Organization\",\"@id\":\"https:\/\/climallorca.net\/en\/#organization\",\"name\":\"Climallorca\",\"url\":\"https:\/\/climallorca.net\/en\/\",\"logo\":{\"@type\":\"ImageObject\",\"inLanguage\":\"en-US\",\"@id\":\"https:\/\/climallorca.net\/en\/#\/schema\/logo\/image\/\",\"url\":\"https:\/\/beta.climallorca.net\/wp-content\/uploads\/2023\/06\/logo-header.svg\",\"contentUrl\":\"https:\/\/beta.climallorca.net\/wp-content\/uploads\/2023\/06\/logo-header.svg\",\"width\":223,\"height\":40,\"caption\":\"Climallorca\"},\"image\":{\"@id\":\"https:\/\/climallorca.net\/en\/#\/schema\/logo\/image\/\"},\"sameAs\":[\"https:\/\/es-es.facebook.com\/pg\/Climallorca-413811012141219\/posts\/\"]}]}<\/script>\n<!-- \/ Yoast SEO plugin. -->","yoast_head_json":{"title":"MITSUBISHI MSZ-HR25VF (2000 frigor\u00edas) - Climallorca","description":"Los equipos de Mitsubishi de la gama HR, sustituyen a los equipos con gas R-410 gama DM. Al llevar el nuevo gas\u00a0R-32\u00a0son equipos m\u00e1s eficientes","robots":{"index":"index","follow":"follow","max-snippet":"max-snippet:-1","max-image-preview":"max-image-preview:large","max-video-preview":"max-video-preview:-1"},"canonical":"https:\/\/climallorca.net\/en\/shop\/split-type-air-conditioners\/mitsubishi-msz-hr25vf-2000-frigorias\/","og_locale":"en_US","og_type":"article","og_title":"MITSUBISHI MSZ-HR25VF (2000 frigor\u00edas) - Climallorca","og_description":"Los equipos de Mitsubishi de la gama HR, sustituyen a los equipos con gas R-410 gama DM. Al llevar el nuevo gas\u00a0R-32\u00a0son equipos m\u00e1s eficientes","og_url":"https:\/\/climallorca.net\/en\/shop\/split-type-air-conditioners\/mitsubishi-msz-hr25vf-2000-frigorias\/","og_site_name":"Climallorca","article_publisher":"https:\/\/es-es.facebook.com\/pg\/Climallorca-413811012141219\/posts\/","article_modified_time":"2025-04-09T20:49:15+00:00","og_image":[{"width":800,"height":913,"url":"https:\/\/climallorca.net\/wp-content\/uploads\/2023\/06\/03-mitsubishi-electric-msz-hr25vf.jpg","type":"image\/jpeg"}],"twitter_card":"summary_large_image","twitter_misc":{"Est. reading time":"3 minutes"},"schema":{"@context":"https:\/\/schema.org","@graph":[{"@type":"WebPage","@id":"https:\/\/climallorca.net\/en\/shop\/split-type-air-conditioners\/mitsubishi-msz-hr25vf-2000-frigorias\/","url":"https:\/\/climallorca.net\/en\/shop\/split-type-air-conditioners\/mitsubishi-msz-hr25vf-2000-frigorias\/","name":"MITSUBISHI MSZ-HR25VF (2000 frigor\u00edas) - Climallorca","isPartOf":{"@id":"https:\/\/climallorca.net\/en\/#website"},"primaryImageOfPage":{"@id":"https:\/\/climallorca.net\/en\/shop\/split-type-air-conditioners\/mitsubishi-msz-hr25vf-2000-frigorias\/#primaryimage"},"image":{"@id":"https:\/\/climallorca.net\/en\/shop\/split-type-air-conditioners\/mitsubishi-msz-hr25vf-2000-frigorias\/#primaryimage"},"thumbnailUrl":"https:\/\/climallorca.net\/wp-content\/uploads\/2023\/06\/03-mitsubishi-electric-msz-hr25vf.jpg","datePublished":"2023-06-19T06:48:14+00:00","dateModified":"2025-04-09T20:49:15+00:00","description":"Los equipos de Mitsubishi de la gama HR, sustituyen a los equipos con gas R-410 gama DM. Al llevar el nuevo gas\u00a0R-32\u00a0son equipos m\u00e1s eficientes","breadcrumb":{"@id":"https:\/\/climallorca.net\/en\/shop\/split-type-air-conditioners\/mitsubishi-msz-hr25vf-2000-frigorias\/#breadcrumb"},"inLanguage":"en-US","potentialAction":[{"@type":"ReadAction","target":["https:\/\/climallorca.net\/en\/shop\/split-type-air-conditioners\/mitsubishi-msz-hr25vf-2000-frigorias\/"]}]},{"@type":"ImageObject","inLanguage":"en-US","@id":"https:\/\/climallorca.net\/en\/shop\/split-type-air-conditioners\/mitsubishi-msz-hr25vf-2000-frigorias\/#primaryimage","url":"https:\/\/climallorca.net\/wp-content\/uploads\/2023\/06\/03-mitsubishi-electric-msz-hr25vf.jpg","contentUrl":"https:\/\/climallorca.net\/wp-content\/uploads\/2023\/06\/03-mitsubishi-electric-msz-hr25vf.jpg","width":800,"height":913},{"@type":"BreadcrumbList","@id":"https:\/\/climallorca.net\/en\/shop\/split-type-air-conditioners\/mitsubishi-msz-hr25vf-2000-frigorias\/#breadcrumb","itemListElement":[{"@type":"ListItem","position":1,"name":"Portada","item":"https:\/\/climallorca.net\/en\/"},{"@type":"ListItem","position":2,"name":"Shop","item":"https:\/\/climallorca.net\/en\/shop\/"},{"@type":"ListItem","position":3,"name":"MITSUBISHI MSZ-HR25VF (2000 frigor\u00edas)"}]},{"@type":"WebSite","@id":"https:\/\/climallorca.net\/en\/#website","url":"https:\/\/climallorca.net\/en\/","name":"Climallorca","description":"Climatizaci\u00f3n y fr\u00edo industrial","publisher":{"@id":"https:\/\/climallorca.net\/en\/#organization"},"potentialAction":[{"@type":"SearchAction","target":{"@type":"EntryPoint","urlTemplate":"https:\/\/climallorca.net\/en\/?s={search_term_string}"},"query-input":{"@type":"PropertyValueSpecification","valueRequired":true,"valueName":"search_term_string"}}],"inLanguage":"en-US"},{"@type":"Organization","@id":"https:\/\/climallorca.net\/en\/#organization","name":"Climallorca","url":"https:\/\/climallorca.net\/en\/","logo":{"@type":"ImageObject","inLanguage":"en-US","@id":"https:\/\/climallorca.net\/en\/#\/schema\/logo\/image\/","url":"https:\/\/beta.climallorca.net\/wp-content\/uploads\/2023\/06\/logo-header.svg","contentUrl":"https:\/\/beta.climallorca.net\/wp-content\/uploads\/2023\/06\/logo-header.svg","width":223,"height":40,"caption":"Climallorca"},"image":{"@id":"https:\/\/climallorca.net\/en\/#\/schema\/logo\/image\/"},"sameAs":["https:\/\/es-es.facebook.com\/pg\/Climallorca-413811012141219\/posts\/"]}]}},"_links":{"self":[{"href":"https:\/\/climallorca.net\/en\/wp-json\/wp\/v2\/product\/1839","targetHints":{"allow":["GET"]}}],"collection":[{"href":"https:\/\/climallorca.net\/en\/wp-json\/wp\/v2\/product"}],"about":[{"href":"https:\/\/climallorca.net\/en\/wp-json\/wp\/v2\/types\/product"}],"replies":[{"embeddable":true,"href":"https:\/\/climallorca.net\/en\/wp-json\/wp\/v2\/comments?post=1839"}],"wp:featuredmedia":[{"embeddable":true,"href":"https:\/\/climallorca.net\/en\/wp-json\/wp\/v2\/media\/1879"}],"wp:attachment":[{"href":"https:\/\/climallorca.net\/en\/wp-json\/wp\/v2\/media?parent=1839"}],"wp:term":[{"taxonomy":"product_brand","embeddable":true,"href":"https:\/\/climallorca.net\/en\/wp-json\/wp\/v2\/product_brand?post=1839"},{"taxonomy":"product_cat","embeddable":true,"href":"https:\/\/climallorca.net\/en\/wp-json\/wp\/v2\/product_cat?post=1839"},{"taxonomy":"product_tag","embeddable":true,"href":"https:\/\/climallorca.net\/en\/wp-json\/wp\/v2\/product_tag?post=1839"}],"curies":[{"name":"wp","href":"https:\/\/api.w.org\/{rel}","templated":true}]}}