{"id":3817,"date":"2023-06-26T13:27:14","date_gmt":"2023-06-26T13:27:14","guid":{"rendered":"https:\/\/climallorca.net\/tienda\/uncategorized\/samsung-deluxe-10-300-frigorias\/"},"modified":"2024-10-02T14:24:10","modified_gmt":"2024-10-02T14:24:10","slug":"samsung-deluxe-10-300-frigorias","status":"publish","type":"product","link":"https:\/\/climallorca.net\/en\/shop\/ducted-air-conditioners\/samsung-deluxe-10-300-frigorias\/","title":{"rendered":"SAMSUNG DELUXE 10.300 FRIGORI\u0301AS"},"content":{"rendered":"<p>Nominal capacity in cold 12.0Kw in heat 13.2Kw.<\/p>\n<p>Energy classification A+\/A+.<\/p>\n<p>Refrigerant R-32.<\/p>\n<p>TECHNICAL DATA SHEET<\/p>\n<p>Surface<\/p>\n<p>Up to 105 m2<\/p>\n<p class=\"p1\"><b><img loading=\"lazy\" decoding=\"async\" class=\"alignnone wp-image-2064 size-full\" src=\"https:\/\/climallorca.net\/wp-content\/uploads\/2023\/06\/DELUXE-CONDUCTOS-SAMSUNG-FICHA-TECNICA_1.png\" alt=\"\" width=\"754\" height=\"264\" srcset=\"https:\/\/climallorca.net\/wp-content\/uploads\/2023\/06\/DELUXE-CONDUCTOS-SAMSUNG-FICHA-TECNICA_1.png 754w, https:\/\/climallorca.net\/wp-content\/uploads\/2023\/06\/DELUXE-CONDUCTOS-SAMSUNG-FICHA-TECNICA_1-150x53.png 150w, https:\/\/climallorca.net\/wp-content\/uploads\/2023\/06\/DELUXE-CONDUCTOS-SAMSUNG-FICHA-TECNICA_1-300x105.png 300w\" sizes=\"auto, (max-width: 754px) 100vw, 754px\" \/><\/b><\/p>\n<p class=\"p2\">\n","protected":false},"excerpt":{"rendered":"<p>Nominal capacity in cold 12.0Kw in heat 13.2Kw. Energy classification A+\/A+. Refrigerant R-32. TECHNICAL DATA SHEET Surface Up to 105<\/p>\n","protected":false},"featured_media":3218,"comment_status":"closed","ping_status":"closed","template":"","meta":[],"product_brand":[],"product_cat":[348],"product_tag":[],"class_list":{"0":"post-3817","1":"product","2":"type-product","3":"status-publish","4":"has-post-thumbnail","6":"product_cat-ducted-air-conditioners","8":"first","9":"outofstock","10":"shipping-taxable","11":"purchasable","12":"product-type-simple"},"yoast_head":"<!-- This site is optimized with the Yoast SEO plugin v26.6 - https:\/\/yoast.com\/wordpress\/plugins\/seo\/ -->\n<title>SAMSUNG DELUXE 10.300 FRIGORI\u0301AS - Climallorca<\/title>\n<meta name=\"description\" content=\"Capacidad Nominal en fr\u00edo 12.0Kw en calor 13.2Kw.Clasificaci\u00f3n energ\u00e9tica A+\/A+.Refrigerante \u00a0R-32. SuperficieHasta 105 m2\" \/>\n<meta name=\"robots\" content=\"index, follow, max-snippet:-1, max-image-preview:large, max-video-preview:-1\" \/>\n<link rel=\"canonical\" href=\"https:\/\/climallorca.net\/en\/shop\/ducted-air-conditioners\/samsung-deluxe-10-300-frigorias\/\" \/>\n<meta property=\"og:locale\" content=\"en_US\" \/>\n<meta property=\"og:type\" content=\"article\" \/>\n<meta property=\"og:title\" content=\"SAMSUNG DELUXE 10.300 FRIGORI\u0301AS - Climallorca\" \/>\n<meta property=\"og:description\" content=\"Capacidad Nominal en fr\u00edo 12.0Kw en calor 13.2Kw.Clasificaci\u00f3n energ\u00e9tica A+\/A+.Refrigerante \u00a0R-32. SuperficieHasta 105 m2\" \/>\n<meta property=\"og:url\" content=\"https:\/\/climallorca.net\/en\/shop\/ducted-air-conditioners\/samsung-deluxe-10-300-frigorias\/\" \/>\n<meta property=\"og:site_name\" content=\"Climallorca\" \/>\n<meta property=\"article:publisher\" content=\"https:\/\/es-es.facebook.com\/pg\/Climallorca-413811012141219\/posts\/\" \/>\n<meta property=\"article:modified_time\" content=\"2024-10-02T14:24:10+00:00\" \/>\n<meta property=\"og:image\" content=\"https:\/\/climallorca.net\/wp-content\/uploads\/2023\/06\/03-SAMSUNG-DELUXE-10.300-FRIGORIAS.jpg\" \/>\n\t<meta property=\"og:image:width\" content=\"800\" \/>\n\t<meta property=\"og:image:height\" content=\"913\" \/>\n\t<meta property=\"og:image:type\" content=\"image\/jpeg\" \/>\n<meta name=\"twitter:card\" content=\"summary_large_image\" \/>\n<meta name=\"twitter:label1\" content=\"Est. reading time\" \/>\n\t<meta name=\"twitter:data1\" content=\"1 minute\" \/>\n<script type=\"application\/ld+json\" class=\"yoast-schema-graph\">{\"@context\":\"https:\/\/schema.org\",\"@graph\":[{\"@type\":\"WebPage\",\"@id\":\"https:\/\/climallorca.net\/en\/shop\/ducted-air-conditioners\/samsung-deluxe-10-300-frigorias\/\",\"url\":\"https:\/\/climallorca.net\/en\/shop\/ducted-air-conditioners\/samsung-deluxe-10-300-frigorias\/\",\"name\":\"SAMSUNG DELUXE 10.300 FRIGORI\u0301AS - Climallorca\",\"isPartOf\":{\"@id\":\"https:\/\/climallorca.net\/en\/#website\"},\"primaryImageOfPage\":{\"@id\":\"https:\/\/climallorca.net\/en\/shop\/ducted-air-conditioners\/samsung-deluxe-10-300-frigorias\/#primaryimage\"},\"image\":{\"@id\":\"https:\/\/climallorca.net\/en\/shop\/ducted-air-conditioners\/samsung-deluxe-10-300-frigorias\/#primaryimage\"},\"thumbnailUrl\":\"https:\/\/climallorca.net\/wp-content\/uploads\/2023\/06\/03-SAMSUNG-DELUXE-10.300-FRIGORIAS.jpg\",\"datePublished\":\"2023-06-26T13:27:14+00:00\",\"dateModified\":\"2024-10-02T14:24:10+00:00\",\"description\":\"Capacidad Nominal en fr\u00edo 12.0Kw en calor 13.2Kw.Clasificaci\u00f3n energ\u00e9tica A+\/A+.Refrigerante \u00a0R-32. SuperficieHasta 105 m2\",\"breadcrumb\":{\"@id\":\"https:\/\/climallorca.net\/en\/shop\/ducted-air-conditioners\/samsung-deluxe-10-300-frigorias\/#breadcrumb\"},\"inLanguage\":\"en-US\",\"potentialAction\":[{\"@type\":\"ReadAction\",\"target\":[\"https:\/\/climallorca.net\/en\/shop\/ducted-air-conditioners\/samsung-deluxe-10-300-frigorias\/\"]}]},{\"@type\":\"ImageObject\",\"inLanguage\":\"en-US\",\"@id\":\"https:\/\/climallorca.net\/en\/shop\/ducted-air-conditioners\/samsung-deluxe-10-300-frigorias\/#primaryimage\",\"url\":\"https:\/\/climallorca.net\/wp-content\/uploads\/2023\/06\/03-SAMSUNG-DELUXE-10.300-FRIGORIAS.jpg\",\"contentUrl\":\"https:\/\/climallorca.net\/wp-content\/uploads\/2023\/06\/03-SAMSUNG-DELUXE-10.300-FRIGORIAS.jpg\",\"width\":800,\"height\":913},{\"@type\":\"BreadcrumbList\",\"@id\":\"https:\/\/climallorca.net\/en\/shop\/ducted-air-conditioners\/samsung-deluxe-10-300-frigorias\/#breadcrumb\",\"itemListElement\":[{\"@type\":\"ListItem\",\"position\":1,\"name\":\"Portada\",\"item\":\"https:\/\/climallorca.net\/en\/\"},{\"@type\":\"ListItem\",\"position\":2,\"name\":\"Shop\",\"item\":\"https:\/\/climallorca.net\/en\/shop\/\"},{\"@type\":\"ListItem\",\"position\":3,\"name\":\"SAMSUNG DELUXE 10.300 FRIGORI\u0301AS\"}]},{\"@type\":\"WebSite\",\"@id\":\"https:\/\/climallorca.net\/en\/#website\",\"url\":\"https:\/\/climallorca.net\/en\/\",\"name\":\"Climallorca\",\"description\":\"Climatizaci\u00f3n y fr\u00edo industrial\",\"publisher\":{\"@id\":\"https:\/\/climallorca.net\/en\/#organization\"},\"potentialAction\":[{\"@type\":\"SearchAction\",\"target\":{\"@type\":\"EntryPoint\",\"urlTemplate\":\"https:\/\/climallorca.net\/en\/?s={search_term_string}\"},\"query-input\":{\"@type\":\"PropertyValueSpecification\",\"valueRequired\":true,\"valueName\":\"search_term_string\"}}],\"inLanguage\":\"en-US\"},{\"@type\":\"Organization\",\"@id\":\"https:\/\/climallorca.net\/en\/#organization\",\"name\":\"Climallorca\",\"url\":\"https:\/\/climallorca.net\/en\/\",\"logo\":{\"@type\":\"ImageObject\",\"inLanguage\":\"en-US\",\"@id\":\"https:\/\/climallorca.net\/en\/#\/schema\/logo\/image\/\",\"url\":\"https:\/\/beta.climallorca.net\/wp-content\/uploads\/2023\/06\/logo-header.svg\",\"contentUrl\":\"https:\/\/beta.climallorca.net\/wp-content\/uploads\/2023\/06\/logo-header.svg\",\"width\":223,\"height\":40,\"caption\":\"Climallorca\"},\"image\":{\"@id\":\"https:\/\/climallorca.net\/en\/#\/schema\/logo\/image\/\"},\"sameAs\":[\"https:\/\/es-es.facebook.com\/pg\/Climallorca-413811012141219\/posts\/\"]}]}<\/script>\n<!-- \/ Yoast SEO plugin. -->","yoast_head_json":{"title":"SAMSUNG DELUXE 10.300 FRIGORI\u0301AS - Climallorca","description":"Capacidad Nominal en fr\u00edo 12.0Kw en calor 13.2Kw.Clasificaci\u00f3n energ\u00e9tica A+\/A+.Refrigerante \u00a0R-32. SuperficieHasta 105 m2","robots":{"index":"index","follow":"follow","max-snippet":"max-snippet:-1","max-image-preview":"max-image-preview:large","max-video-preview":"max-video-preview:-1"},"canonical":"https:\/\/climallorca.net\/en\/shop\/ducted-air-conditioners\/samsung-deluxe-10-300-frigorias\/","og_locale":"en_US","og_type":"article","og_title":"SAMSUNG DELUXE 10.300 FRIGORI\u0301AS - Climallorca","og_description":"Capacidad Nominal en fr\u00edo 12.0Kw en calor 13.2Kw.Clasificaci\u00f3n energ\u00e9tica A+\/A+.Refrigerante \u00a0R-32. SuperficieHasta 105 m2","og_url":"https:\/\/climallorca.net\/en\/shop\/ducted-air-conditioners\/samsung-deluxe-10-300-frigorias\/","og_site_name":"Climallorca","article_publisher":"https:\/\/es-es.facebook.com\/pg\/Climallorca-413811012141219\/posts\/","article_modified_time":"2024-10-02T14:24:10+00:00","og_image":[{"width":800,"height":913,"url":"https:\/\/climallorca.net\/wp-content\/uploads\/2023\/06\/03-SAMSUNG-DELUXE-10.300-FRIGORIAS.jpg","type":"image\/jpeg"}],"twitter_card":"summary_large_image","twitter_misc":{"Est. reading time":"1 minute"},"schema":{"@context":"https:\/\/schema.org","@graph":[{"@type":"WebPage","@id":"https:\/\/climallorca.net\/en\/shop\/ducted-air-conditioners\/samsung-deluxe-10-300-frigorias\/","url":"https:\/\/climallorca.net\/en\/shop\/ducted-air-conditioners\/samsung-deluxe-10-300-frigorias\/","name":"SAMSUNG DELUXE 10.300 FRIGORI\u0301AS - Climallorca","isPartOf":{"@id":"https:\/\/climallorca.net\/en\/#website"},"primaryImageOfPage":{"@id":"https:\/\/climallorca.net\/en\/shop\/ducted-air-conditioners\/samsung-deluxe-10-300-frigorias\/#primaryimage"},"image":{"@id":"https:\/\/climallorca.net\/en\/shop\/ducted-air-conditioners\/samsung-deluxe-10-300-frigorias\/#primaryimage"},"thumbnailUrl":"https:\/\/climallorca.net\/wp-content\/uploads\/2023\/06\/03-SAMSUNG-DELUXE-10.300-FRIGORIAS.jpg","datePublished":"2023-06-26T13:27:14+00:00","dateModified":"2024-10-02T14:24:10+00:00","description":"Capacidad Nominal en fr\u00edo 12.0Kw en calor 13.2Kw.Clasificaci\u00f3n energ\u00e9tica A+\/A+.Refrigerante \u00a0R-32. SuperficieHasta 105 m2","breadcrumb":{"@id":"https:\/\/climallorca.net\/en\/shop\/ducted-air-conditioners\/samsung-deluxe-10-300-frigorias\/#breadcrumb"},"inLanguage":"en-US","potentialAction":[{"@type":"ReadAction","target":["https:\/\/climallorca.net\/en\/shop\/ducted-air-conditioners\/samsung-deluxe-10-300-frigorias\/"]}]},{"@type":"ImageObject","inLanguage":"en-US","@id":"https:\/\/climallorca.net\/en\/shop\/ducted-air-conditioners\/samsung-deluxe-10-300-frigorias\/#primaryimage","url":"https:\/\/climallorca.net\/wp-content\/uploads\/2023\/06\/03-SAMSUNG-DELUXE-10.300-FRIGORIAS.jpg","contentUrl":"https:\/\/climallorca.net\/wp-content\/uploads\/2023\/06\/03-SAMSUNG-DELUXE-10.300-FRIGORIAS.jpg","width":800,"height":913},{"@type":"BreadcrumbList","@id":"https:\/\/climallorca.net\/en\/shop\/ducted-air-conditioners\/samsung-deluxe-10-300-frigorias\/#breadcrumb","itemListElement":[{"@type":"ListItem","position":1,"name":"Portada","item":"https:\/\/climallorca.net\/en\/"},{"@type":"ListItem","position":2,"name":"Shop","item":"https:\/\/climallorca.net\/en\/shop\/"},{"@type":"ListItem","position":3,"name":"SAMSUNG DELUXE 10.300 FRIGORI\u0301AS"}]},{"@type":"WebSite","@id":"https:\/\/climallorca.net\/en\/#website","url":"https:\/\/climallorca.net\/en\/","name":"Climallorca","description":"Climatizaci\u00f3n y fr\u00edo industrial","publisher":{"@id":"https:\/\/climallorca.net\/en\/#organization"},"potentialAction":[{"@type":"SearchAction","target":{"@type":"EntryPoint","urlTemplate":"https:\/\/climallorca.net\/en\/?s={search_term_string}"},"query-input":{"@type":"PropertyValueSpecification","valueRequired":true,"valueName":"search_term_string"}}],"inLanguage":"en-US"},{"@type":"Organization","@id":"https:\/\/climallorca.net\/en\/#organization","name":"Climallorca","url":"https:\/\/climallorca.net\/en\/","logo":{"@type":"ImageObject","inLanguage":"en-US","@id":"https:\/\/climallorca.net\/en\/#\/schema\/logo\/image\/","url":"https:\/\/beta.climallorca.net\/wp-content\/uploads\/2023\/06\/logo-header.svg","contentUrl":"https:\/\/beta.climallorca.net\/wp-content\/uploads\/2023\/06\/logo-header.svg","width":223,"height":40,"caption":"Climallorca"},"image":{"@id":"https:\/\/climallorca.net\/en\/#\/schema\/logo\/image\/"},"sameAs":["https:\/\/es-es.facebook.com\/pg\/Climallorca-413811012141219\/posts\/"]}]}},"_links":{"self":[{"href":"https:\/\/climallorca.net\/en\/wp-json\/wp\/v2\/product\/3817","targetHints":{"allow":["GET"]}}],"collection":[{"href":"https:\/\/climallorca.net\/en\/wp-json\/wp\/v2\/product"}],"about":[{"href":"https:\/\/climallorca.net\/en\/wp-json\/wp\/v2\/types\/product"}],"replies":[{"embeddable":true,"href":"https:\/\/climallorca.net\/en\/wp-json\/wp\/v2\/comments?post=3817"}],"wp:featuredmedia":[{"embeddable":true,"href":"https:\/\/climallorca.net\/en\/wp-json\/wp\/v2\/media\/3218"}],"wp:attachment":[{"href":"https:\/\/climallorca.net\/en\/wp-json\/wp\/v2\/media?parent=3817"}],"wp:term":[{"taxonomy":"product_brand","embeddable":true,"href":"https:\/\/climallorca.net\/en\/wp-json\/wp\/v2\/product_brand?post=3817"},{"taxonomy":"product_cat","embeddable":true,"href":"https:\/\/climallorca.net\/en\/wp-json\/wp\/v2\/product_cat?post=3817"},{"taxonomy":"product_tag","embeddable":true,"href":"https:\/\/climallorca.net\/en\/wp-json\/wp\/v2\/product_tag?post=3817"}],"curies":[{"name":"wp","href":"https:\/\/api.w.org\/{rel}","templated":true}]}}