{"id":3833,"date":"2023-06-26T11:38:49","date_gmt":"2023-06-26T11:38:49","guid":{"rendered":"https:\/\/climallorca.net\/tienda\/uncategorized\/panasonic-tz42-3600-frigorias\/"},"modified":"2024-10-02T14:35:02","modified_gmt":"2024-10-02T14:35:02","slug":"panasonic-tz42-3600-frigorias","status":"publish","type":"product","link":"https:\/\/climallorca.net\/en\/shop\/split-type-air-conditioners\/panasonic-tz42-3600-frigorias\/","title":{"rendered":"PANASONIC TZ42 3600 FRIGORI\u0301AS"},"content":{"rendered":"<p>Cooling capacity 4.2 kW, heating 5 kW.<\/p>\n<p>Energy efficiency class A++\/A++ in cold\/heat.<\/p>\n<p>with powerful and efficient R32 refrigerant.<\/p>\n<p>TECHNICAL DATA SHEET:<\/p>\n<p>Surface<\/p>\n<p>Up to 35 m2<\/p>\n<p class=\"p3\"><img loading=\"lazy\" decoding=\"async\" class=\"alignnone wp-image-2008 size-medium\" src=\"https:\/\/climallorca.net\/wp-content\/uploads\/2023\/06\/ficha_tecnica_tz-300x228.jpg\" alt=\"\" width=\"300\" height=\"228\" srcset=\"https:\/\/climallorca.net\/wp-content\/uploads\/2023\/06\/ficha_tecnica_tz-300x228.jpg 300w, https:\/\/climallorca.net\/wp-content\/uploads\/2023\/06\/ficha_tecnica_tz-150x114.jpg 150w, https:\/\/climallorca.net\/wp-content\/uploads\/2023\/06\/ficha_tecnica_tz-1024x780.jpg 1024w, https:\/\/climallorca.net\/wp-content\/uploads\/2023\/06\/ficha_tecnica_tz-768x585.jpg 768w, https:\/\/climallorca.net\/wp-content\/uploads\/2023\/06\/ficha_tecnica_tz.jpg 1040w\" sizes=\"auto, (max-width: 300px) 100vw, 300px\" \/><\/p>\n","protected":false},"excerpt":{"rendered":"<p>Cooling capacity 4.2 kW, heating 5 kW. Energy efficiency class A++\/A++ in cold\/heat. with powerful and efficient R32 refrigerant. TECHNICAL<\/p>\n","protected":false},"featured_media":3138,"comment_status":"closed","ping_status":"closed","template":"","meta":[],"product_brand":[],"product_cat":[345],"product_tag":[],"class_list":{"0":"post-3833","1":"product","2":"type-product","3":"status-publish","4":"has-post-thumbnail","6":"product_cat-split-type-air-conditioners","8":"first","9":"outofstock","10":"shipping-taxable","11":"purchasable","12":"product-type-simple"},"yoast_head":"<!-- This site is optimized with the Yoast SEO plugin v26.6 - https:\/\/yoast.com\/wordpress\/plugins\/seo\/ -->\n<title>PANASONIC TZ42 3600 FRIGORI\u0301AS - Climallorca<\/title>\n<meta name=\"description\" content=\"Capacidad frigor\u00edfica 4.2 kW en calefacci\u00f3n 5 kW.Clase eficiencia energ\u00e9tica A++\/A++ en frio\/calor.con refrigerante R32 potente y eficiente.\" \/>\n<meta name=\"robots\" content=\"index, follow, max-snippet:-1, max-image-preview:large, max-video-preview:-1\" \/>\n<link rel=\"canonical\" href=\"https:\/\/climallorca.net\/en\/shop\/split-type-air-conditioners\/panasonic-tz42-3600-frigorias\/\" \/>\n<meta property=\"og:locale\" content=\"en_US\" \/>\n<meta property=\"og:type\" content=\"article\" \/>\n<meta property=\"og:title\" content=\"PANASONIC TZ42 3600 FRIGORI\u0301AS - Climallorca\" \/>\n<meta property=\"og:description\" content=\"Capacidad frigor\u00edfica 4.2 kW en calefacci\u00f3n 5 kW.Clase eficiencia energ\u00e9tica A++\/A++ en frio\/calor.con refrigerante R32 potente y eficiente.\" \/>\n<meta property=\"og:url\" content=\"https:\/\/climallorca.net\/en\/shop\/split-type-air-conditioners\/panasonic-tz42-3600-frigorias\/\" \/>\n<meta property=\"og:site_name\" content=\"Climallorca\" \/>\n<meta property=\"article:publisher\" content=\"https:\/\/es-es.facebook.com\/pg\/Climallorca-413811012141219\/posts\/\" \/>\n<meta property=\"article:modified_time\" content=\"2024-10-02T14:35:02+00:00\" \/>\n<meta property=\"og:image\" content=\"https:\/\/climallorca.net\/wp-content\/uploads\/2023\/06\/03-40-PANASONIC-TZ42-3600-FRIGORIAS.jpg\" \/>\n\t<meta property=\"og:image:width\" content=\"800\" \/>\n\t<meta property=\"og:image:height\" content=\"913\" \/>\n\t<meta property=\"og:image:type\" content=\"image\/jpeg\" \/>\n<meta name=\"twitter:card\" content=\"summary_large_image\" \/>\n<meta name=\"twitter:label1\" content=\"Est. reading time\" \/>\n\t<meta name=\"twitter:data1\" content=\"1 minute\" \/>\n<script type=\"application\/ld+json\" class=\"yoast-schema-graph\">{\"@context\":\"https:\/\/schema.org\",\"@graph\":[{\"@type\":\"WebPage\",\"@id\":\"https:\/\/climallorca.net\/en\/shop\/split-type-air-conditioners\/panasonic-tz42-3600-frigorias\/\",\"url\":\"https:\/\/climallorca.net\/en\/shop\/split-type-air-conditioners\/panasonic-tz42-3600-frigorias\/\",\"name\":\"PANASONIC TZ42 3600 FRIGORI\u0301AS - Climallorca\",\"isPartOf\":{\"@id\":\"https:\/\/climallorca.net\/en\/#website\"},\"primaryImageOfPage\":{\"@id\":\"https:\/\/climallorca.net\/en\/shop\/split-type-air-conditioners\/panasonic-tz42-3600-frigorias\/#primaryimage\"},\"image\":{\"@id\":\"https:\/\/climallorca.net\/en\/shop\/split-type-air-conditioners\/panasonic-tz42-3600-frigorias\/#primaryimage\"},\"thumbnailUrl\":\"https:\/\/climallorca.net\/wp-content\/uploads\/2023\/06\/03-40-PANASONIC-TZ42-3600-FRIGORIAS.jpg\",\"datePublished\":\"2023-06-26T11:38:49+00:00\",\"dateModified\":\"2024-10-02T14:35:02+00:00\",\"description\":\"Capacidad frigor\u00edfica 4.2 kW en calefacci\u00f3n 5 kW.Clase eficiencia energ\u00e9tica A++\/A++ en frio\/calor.con refrigerante R32 potente y eficiente.\",\"breadcrumb\":{\"@id\":\"https:\/\/climallorca.net\/en\/shop\/split-type-air-conditioners\/panasonic-tz42-3600-frigorias\/#breadcrumb\"},\"inLanguage\":\"en-US\",\"potentialAction\":[{\"@type\":\"ReadAction\",\"target\":[\"https:\/\/climallorca.net\/en\/shop\/split-type-air-conditioners\/panasonic-tz42-3600-frigorias\/\"]}]},{\"@type\":\"ImageObject\",\"inLanguage\":\"en-US\",\"@id\":\"https:\/\/climallorca.net\/en\/shop\/split-type-air-conditioners\/panasonic-tz42-3600-frigorias\/#primaryimage\",\"url\":\"https:\/\/climallorca.net\/wp-content\/uploads\/2023\/06\/03-40-PANASONIC-TZ42-3600-FRIGORIAS.jpg\",\"contentUrl\":\"https:\/\/climallorca.net\/wp-content\/uploads\/2023\/06\/03-40-PANASONIC-TZ42-3600-FRIGORIAS.jpg\",\"width\":800,\"height\":913},{\"@type\":\"BreadcrumbList\",\"@id\":\"https:\/\/climallorca.net\/en\/shop\/split-type-air-conditioners\/panasonic-tz42-3600-frigorias\/#breadcrumb\",\"itemListElement\":[{\"@type\":\"ListItem\",\"position\":1,\"name\":\"Portada\",\"item\":\"https:\/\/climallorca.net\/en\/\"},{\"@type\":\"ListItem\",\"position\":2,\"name\":\"Shop\",\"item\":\"https:\/\/climallorca.net\/en\/shop\/\"},{\"@type\":\"ListItem\",\"position\":3,\"name\":\"PANASONIC TZ42 3600 FRIGORI\u0301AS\"}]},{\"@type\":\"WebSite\",\"@id\":\"https:\/\/climallorca.net\/en\/#website\",\"url\":\"https:\/\/climallorca.net\/en\/\",\"name\":\"Climallorca\",\"description\":\"Climatizaci\u00f3n y fr\u00edo industrial\",\"publisher\":{\"@id\":\"https:\/\/climallorca.net\/en\/#organization\"},\"potentialAction\":[{\"@type\":\"SearchAction\",\"target\":{\"@type\":\"EntryPoint\",\"urlTemplate\":\"https:\/\/climallorca.net\/en\/?s={search_term_string}\"},\"query-input\":{\"@type\":\"PropertyValueSpecification\",\"valueRequired\":true,\"valueName\":\"search_term_string\"}}],\"inLanguage\":\"en-US\"},{\"@type\":\"Organization\",\"@id\":\"https:\/\/climallorca.net\/en\/#organization\",\"name\":\"Climallorca\",\"url\":\"https:\/\/climallorca.net\/en\/\",\"logo\":{\"@type\":\"ImageObject\",\"inLanguage\":\"en-US\",\"@id\":\"https:\/\/climallorca.net\/en\/#\/schema\/logo\/image\/\",\"url\":\"https:\/\/beta.climallorca.net\/wp-content\/uploads\/2023\/06\/logo-header.svg\",\"contentUrl\":\"https:\/\/beta.climallorca.net\/wp-content\/uploads\/2023\/06\/logo-header.svg\",\"width\":223,\"height\":40,\"caption\":\"Climallorca\"},\"image\":{\"@id\":\"https:\/\/climallorca.net\/en\/#\/schema\/logo\/image\/\"},\"sameAs\":[\"https:\/\/es-es.facebook.com\/pg\/Climallorca-413811012141219\/posts\/\"]}]}<\/script>\n<!-- \/ Yoast SEO plugin. -->","yoast_head_json":{"title":"PANASONIC TZ42 3600 FRIGORI\u0301AS - Climallorca","description":"Capacidad frigor\u00edfica 4.2 kW en calefacci\u00f3n 5 kW.Clase eficiencia energ\u00e9tica A++\/A++ en frio\/calor.con refrigerante R32 potente y eficiente.","robots":{"index":"index","follow":"follow","max-snippet":"max-snippet:-1","max-image-preview":"max-image-preview:large","max-video-preview":"max-video-preview:-1"},"canonical":"https:\/\/climallorca.net\/en\/shop\/split-type-air-conditioners\/panasonic-tz42-3600-frigorias\/","og_locale":"en_US","og_type":"article","og_title":"PANASONIC TZ42 3600 FRIGORI\u0301AS - Climallorca","og_description":"Capacidad frigor\u00edfica 4.2 kW en calefacci\u00f3n 5 kW.Clase eficiencia energ\u00e9tica A++\/A++ en frio\/calor.con refrigerante R32 potente y eficiente.","og_url":"https:\/\/climallorca.net\/en\/shop\/split-type-air-conditioners\/panasonic-tz42-3600-frigorias\/","og_site_name":"Climallorca","article_publisher":"https:\/\/es-es.facebook.com\/pg\/Climallorca-413811012141219\/posts\/","article_modified_time":"2024-10-02T14:35:02+00:00","og_image":[{"width":800,"height":913,"url":"https:\/\/climallorca.net\/wp-content\/uploads\/2023\/06\/03-40-PANASONIC-TZ42-3600-FRIGORIAS.jpg","type":"image\/jpeg"}],"twitter_card":"summary_large_image","twitter_misc":{"Est. reading time":"1 minute"},"schema":{"@context":"https:\/\/schema.org","@graph":[{"@type":"WebPage","@id":"https:\/\/climallorca.net\/en\/shop\/split-type-air-conditioners\/panasonic-tz42-3600-frigorias\/","url":"https:\/\/climallorca.net\/en\/shop\/split-type-air-conditioners\/panasonic-tz42-3600-frigorias\/","name":"PANASONIC TZ42 3600 FRIGORI\u0301AS - Climallorca","isPartOf":{"@id":"https:\/\/climallorca.net\/en\/#website"},"primaryImageOfPage":{"@id":"https:\/\/climallorca.net\/en\/shop\/split-type-air-conditioners\/panasonic-tz42-3600-frigorias\/#primaryimage"},"image":{"@id":"https:\/\/climallorca.net\/en\/shop\/split-type-air-conditioners\/panasonic-tz42-3600-frigorias\/#primaryimage"},"thumbnailUrl":"https:\/\/climallorca.net\/wp-content\/uploads\/2023\/06\/03-40-PANASONIC-TZ42-3600-FRIGORIAS.jpg","datePublished":"2023-06-26T11:38:49+00:00","dateModified":"2024-10-02T14:35:02+00:00","description":"Capacidad frigor\u00edfica 4.2 kW en calefacci\u00f3n 5 kW.Clase eficiencia energ\u00e9tica A++\/A++ en frio\/calor.con refrigerante R32 potente y eficiente.","breadcrumb":{"@id":"https:\/\/climallorca.net\/en\/shop\/split-type-air-conditioners\/panasonic-tz42-3600-frigorias\/#breadcrumb"},"inLanguage":"en-US","potentialAction":[{"@type":"ReadAction","target":["https:\/\/climallorca.net\/en\/shop\/split-type-air-conditioners\/panasonic-tz42-3600-frigorias\/"]}]},{"@type":"ImageObject","inLanguage":"en-US","@id":"https:\/\/climallorca.net\/en\/shop\/split-type-air-conditioners\/panasonic-tz42-3600-frigorias\/#primaryimage","url":"https:\/\/climallorca.net\/wp-content\/uploads\/2023\/06\/03-40-PANASONIC-TZ42-3600-FRIGORIAS.jpg","contentUrl":"https:\/\/climallorca.net\/wp-content\/uploads\/2023\/06\/03-40-PANASONIC-TZ42-3600-FRIGORIAS.jpg","width":800,"height":913},{"@type":"BreadcrumbList","@id":"https:\/\/climallorca.net\/en\/shop\/split-type-air-conditioners\/panasonic-tz42-3600-frigorias\/#breadcrumb","itemListElement":[{"@type":"ListItem","position":1,"name":"Portada","item":"https:\/\/climallorca.net\/en\/"},{"@type":"ListItem","position":2,"name":"Shop","item":"https:\/\/climallorca.net\/en\/shop\/"},{"@type":"ListItem","position":3,"name":"PANASONIC TZ42 3600 FRIGORI\u0301AS"}]},{"@type":"WebSite","@id":"https:\/\/climallorca.net\/en\/#website","url":"https:\/\/climallorca.net\/en\/","name":"Climallorca","description":"Climatizaci\u00f3n y fr\u00edo industrial","publisher":{"@id":"https:\/\/climallorca.net\/en\/#organization"},"potentialAction":[{"@type":"SearchAction","target":{"@type":"EntryPoint","urlTemplate":"https:\/\/climallorca.net\/en\/?s={search_term_string}"},"query-input":{"@type":"PropertyValueSpecification","valueRequired":true,"valueName":"search_term_string"}}],"inLanguage":"en-US"},{"@type":"Organization","@id":"https:\/\/climallorca.net\/en\/#organization","name":"Climallorca","url":"https:\/\/climallorca.net\/en\/","logo":{"@type":"ImageObject","inLanguage":"en-US","@id":"https:\/\/climallorca.net\/en\/#\/schema\/logo\/image\/","url":"https:\/\/beta.climallorca.net\/wp-content\/uploads\/2023\/06\/logo-header.svg","contentUrl":"https:\/\/beta.climallorca.net\/wp-content\/uploads\/2023\/06\/logo-header.svg","width":223,"height":40,"caption":"Climallorca"},"image":{"@id":"https:\/\/climallorca.net\/en\/#\/schema\/logo\/image\/"},"sameAs":["https:\/\/es-es.facebook.com\/pg\/Climallorca-413811012141219\/posts\/"]}]}},"_links":{"self":[{"href":"https:\/\/climallorca.net\/en\/wp-json\/wp\/v2\/product\/3833","targetHints":{"allow":["GET"]}}],"collection":[{"href":"https:\/\/climallorca.net\/en\/wp-json\/wp\/v2\/product"}],"about":[{"href":"https:\/\/climallorca.net\/en\/wp-json\/wp\/v2\/types\/product"}],"replies":[{"embeddable":true,"href":"https:\/\/climallorca.net\/en\/wp-json\/wp\/v2\/comments?post=3833"}],"wp:featuredmedia":[{"embeddable":true,"href":"https:\/\/climallorca.net\/en\/wp-json\/wp\/v2\/media\/3138"}],"wp:attachment":[{"href":"https:\/\/climallorca.net\/en\/wp-json\/wp\/v2\/media?parent=3833"}],"wp:term":[{"taxonomy":"product_brand","embeddable":true,"href":"https:\/\/climallorca.net\/en\/wp-json\/wp\/v2\/product_brand?post=3833"},{"taxonomy":"product_cat","embeddable":true,"href":"https:\/\/climallorca.net\/en\/wp-json\/wp\/v2\/product_cat?post=3833"},{"taxonomy":"product_tag","embeddable":true,"href":"https:\/\/climallorca.net\/en\/wp-json\/wp\/v2\/product_tag?post=3833"}],"curies":[{"name":"wp","href":"https:\/\/api.w.org\/{rel}","templated":true}]}}