{"id":3899,"date":"2024-11-15T10:26:35","date_gmt":"2024-11-15T10:26:35","guid":{"rendered":"https:\/\/climallorca.net\/?post_type=product&#038;p=3899"},"modified":"2024-11-15T10:26:35","modified_gmt":"2024-11-15T10:26:35","slug":"johnson-k2-35k-3000-frigorias","status":"publish","type":"product","link":"https:\/\/climallorca.net\/en\/shop\/accessories-en\/johnson-k2-35k-3000-frigorias\/","title":{"rendered":"JOHNSON K2-35K 3000 FRIGOR\u00cdAS"},"content":{"rendered":"<p class=\"p3\"><span class=\"s2\"><b>Aire Acondicionado<\/b><\/span><\/p>\n<p class=\"p4\"><span class=\"s2\"><b>Caracter\u00edsticas de Aire Acondicionado\u00a0<\/b><\/span><\/p>\n<p class=\"p5\">Modos Turbo, Descanso, Deshumidificaci\u00f3n, Auto y Ventilador<br \/>\n6 Velocidades seleccionables<br \/>\nRefrigeraci\u00f3n instant\u00e1nea<br \/>\nTuber\u00edas de alta eficiencia<br \/>\nFunci\u00f3n ECO y Memoria<br \/>\nDiagn\u00f3stico inteligente. Se pueden comprobar hasta 97 par\u00e1metros a trav\u00e9s de la<br \/>\napp<br \/>\nAutolimpieza<br \/>\nModo s\u00faper silencio que reduce el nivel sonoro hasta los 21 dB<br \/>\nFunci\u00f3n Follow Me: El control remoto mide la temperatura de su ubicaci\u00f3n para<br \/>\nregularla y garantizar los ajustes<br \/>\nTuber\u00edas a prueba de \u00f3xido para alargar la vida \u00fatil del aparato<br \/>\nFiltros antibacterias<br \/>\nTemporizador<br \/>\nDetector de fugas de refrigerante<br \/>\nControl el\u00e9ctrico con material ABS retardante de llama<br \/>\nIntercambiador de calor de las unidades exteriores con revestimiento dorado<br \/>\nanticorrosivo para resistir aire salado o lluvia<br \/>\nMotor de la unidad exterior con 5 velocidades<br \/>\nLongitudes m\u00e1ximas de tuber\u00edas de hasta 50 metros<br \/>\nDesnivel m\u00e1ximo de tuber\u00edas de 25 metros<br \/>\nConexi\u00f3n de drenaje a izquierda y derecha<br \/>\nUnidades compatibles con los sistemas multicomfort3<\/p>\n<p class=\"p4\"><span class=\"s2\"><b>Ficha T\u00e9cncia de Aire Acondicionado\u00a0<\/b><\/span><\/p>\n<p class=\"p5\"><span class=\"s3\"><b>Unidad interior : K2-35NT<\/b><\/span><span class=\"s1\"><br \/>\n<\/span><span class=\"s3\"><b>Unidad exterior : K2-35EX<\/b><\/span><\/p>\n<p><span class=\"s3\"><b>REFRIGERACI\u00d3N<\/b><\/span><\/p>\n<p><span class=\"s2\">Capacidad nominal: 3,52 (1,11-3,93)\u00a0 kW<\/span><span class=\"s1\"><br \/>\n<\/span><span class=\"s2\">Frigor\u00edas : 3028 fg\/h<\/span><span class=\"s1\"><br \/>\n<\/span><span class=\"s2\">Consumo nominal: 1.32 kW<\/span><span class=\"s1\"><br \/>\n<\/span><span class=\"s2\">SEER\/Etiqueta energ\u00e9tica: 6.5\/A++<\/span><span class=\"s1\"><br \/>\n<\/span><span class=\"s2\">Limites de operaci\u00f3n: -15\/50\u00baC<\/span><\/p>\n<p><span class=\"s3\"><b>CALEFACCI\u00d3N<\/b><\/span><\/p>\n<p><span class=\"s2\">Capacidad nominal: 3,81 (1,08-4,16) kW<\/span><span class=\"s1\"><br \/>\n<\/span><span class=\"s2\">Kilocalor\u00edas: 3277 kcal\/h<\/span><span class=\"s1\"><br \/>\n<\/span><span class=\"s2\">Consumo nominal: 1.19 kW<\/span><span class=\"s1\"><br \/>\n<\/span><span class=\"s2\">SCOP\/Etiqueta(Clima medio): 4.1\/A+<\/span><span class=\"s1\"><br \/>\n<\/span><span class=\"s2\">SCOP\/Etiqueta (clima c\u00e1lido): 5,2\/A+++<\/span><span class=\"s1\"><br \/>\n<\/span><span class=\"s2\">L\u00edmites de operaci\u00f3n: -20\u00ba\/30\u00baC<\/span><\/p>\n<p><span class=\"s3\"><b>UNIDAD INTERIOR<\/b><\/span><span class=\"s1\"><br \/>\n<\/span><span class=\"s1\"><br \/>\n<\/span><span class=\"s2\">Presi\u00f3n Sonora (A\/M\/B\/Mute):\u00a0 39.5\/35.5\/25\/21,5 dB(A)<\/span><span class=\"s1\"><br \/>\n<\/span><span class=\"s2\">Caudal de aire: 530\/430\/310 m3\/h<\/span><span class=\"s1\"><br \/>\n<\/span><span class=\"s2\">Dimensiones externas (An x Al x Fon): 805x285x194\u00a0mm<\/span><span class=\"s1\"><br \/>\n<\/span><span class=\"s2\">Dimensiones del embalaje (An x Al x Fon): 870x360x285 \u00a0mm<\/span><span class=\"s1\"><br \/>\n<\/span><span class=\"s2\">Peso neto\/peso bruto: 7.3\/9.5 Kg<\/span><\/p>\n<p><span class=\"s3\"><b>UNIDAD EXTERIOR<\/b><\/span><span class=\"s1\"><br \/>\n<\/span><span class=\"s1\"><br \/>\n<\/span><span class=\"s2\">Presi\u00f3n Sonora: 55 dB(A)<\/span><span class=\"s1\"><br \/>\n<\/span><span class=\"s2\">Caudal de aire: 1700 m3\/h<\/span><span class=\"s1\"><br \/>\n<\/span><span class=\"s2\">Tipo de compresor: Rotary<\/span><span class=\"s1\"><br \/>\n<\/span><span class=\"s2\">Dimensiones externas ( An x Al x Fon):720x495x270 mm<\/span><span class=\"s1\"><br \/>\n<\/span><span class=\"s2\">Dimensiones del embalaje (An x Al x Fon): 835x540x300\u00a0 mm<\/span><span class=\"s1\"><br \/>\n<\/span><span class=\"s2\">Peso neto\/peso bruto : 21\/22.8 Kg<\/span><span class=\"s1\"><br \/>\n<\/span><span class=\"s2\">Refrigerante : R32<\/span><\/p>\n<p><span class=\"s2\">Precarga de refrigerante : 0.52 kg<\/span><\/p>\n<p><span class=\"s3\"><b>ALIMENTACI\u00d3N 220V\/240-50Hz<\/b><\/span><span class=\"s1\"><br \/>\n<\/span><span class=\"s2\">Ubicaci\u00f3n de la alimentaci\u00f3n: Exterior<\/span><span class=\"s1\"><br \/>\n<\/span><span class=\"s2\">Secci\u00f3n del cable de alimentaci\u00f3n: 3 x 1,5 mm2<\/span><span class=\"s1\"><br \/>\n<\/span><span class=\"s2\">Amperaje de las protecciones: 10 A<\/span><span class=\"s1\"><br \/>\n<\/span><span class=\"s2\">Conexiones el\u00e9ctricas : 5\u00d71,5 mm2<\/span><\/p>\n<p><span class=\"s3\"><b>CONEXIONES FRIGOR\u00cdFICAS<\/b><\/span><span class=\"s1\"><br \/>\n<\/span><span class=\"s2\">Di\u00e1metro tuber\u00eda de gas: 3\/8 pulg.<\/span><span class=\"s1\"><br \/>\n<\/span><span class=\"s2\">Di\u00e1mtero tuber\u00eda de l\u00edquido: 1\/4 pulg.<\/span><span class=\"s1\"><br \/>\n<\/span><span class=\"s2\">Longitud m\u00e1xima de tuber\u00eda: 25 m<\/span><span class=\"s1\"><br \/>\n<\/span><span class=\"s2\">Altura m\u00e1xima de la tuber\u00eda: 10 m<\/span><\/p>\n<p class=\"p6\"><span class=\"s2\"><b>Superficie<\/b><\/span><\/p>\n<p class=\"p7\"><span class=\"s2\">Hasta 30 m2<\/span><\/p>\n","protected":false},"excerpt":{"rendered":"<p>Aire Acondicionado Caracter\u00edsticas de Aire Acondicionado\u00a0 Modos Turbo, Descanso, Deshumidificaci\u00f3n, Auto y Ventilador 6 Velocidades seleccionables Refrigeraci\u00f3n instant\u00e1nea Tuber\u00edas de<\/p>\n","protected":false},"featured_media":3895,"comment_status":"closed","ping_status":"closed","template":"","meta":[],"product_brand":[],"product_cat":[58],"product_tag":[],"class_list":{"0":"post-3899","1":"product","2":"type-product","3":"status-publish","4":"has-post-thumbnail","6":"product_cat-accessories","8":"first","9":"instock","10":"shipping-taxable","11":"product-type-simple"},"yoast_head":"<!-- This site is optimized with the Yoast SEO plugin v26.6 - https:\/\/yoast.com\/wordpress\/plugins\/seo\/ -->\n<title>JOHNSON K2-35K 3000 FRIGOR\u00cdAS - Climallorca<\/title>\n<meta name=\"robots\" content=\"index, follow, max-snippet:-1, max-image-preview:large, max-video-preview:-1\" \/>\n<link rel=\"canonical\" href=\"https:\/\/climallorca.net\/en\/shop\/accessories-en\/johnson-k2-35k-3000-frigorias\/\" \/>\n<meta property=\"og:locale\" content=\"en_US\" \/>\n<meta property=\"og:type\" content=\"article\" \/>\n<meta property=\"og:title\" content=\"JOHNSON K2-35K 3000 FRIGOR\u00cdAS - Climallorca\" \/>\n<meta property=\"og:description\" content=\"Aire Acondicionado Caracter\u00edsticas de Aire Acondicionado\u00a0 Modos Turbo, Descanso, Deshumidificaci\u00f3n, Auto y Ventilador 6 Velocidades seleccionables Refrigeraci\u00f3n instant\u00e1nea Tuber\u00edas de\" \/>\n<meta property=\"og:url\" content=\"https:\/\/climallorca.net\/en\/shop\/accessories-en\/johnson-k2-35k-3000-frigorias\/\" \/>\n<meta property=\"og:site_name\" content=\"Climallorca\" \/>\n<meta property=\"article:publisher\" content=\"https:\/\/es-es.facebook.com\/pg\/Climallorca-413811012141219\/posts\/\" \/>\n<meta property=\"og:image\" content=\"https:\/\/climallorca.net\/wp-content\/uploads\/2023\/06\/Foto.jpg\" \/>\n\t<meta property=\"og:image:width\" content=\"767\" \/>\n\t<meta property=\"og:image:height\" content=\"711\" \/>\n\t<meta property=\"og:image:type\" content=\"image\/jpeg\" \/>\n<meta name=\"twitter:card\" content=\"summary_large_image\" \/>\n<meta name=\"twitter:label1\" content=\"Est. reading time\" \/>\n\t<meta name=\"twitter:data1\" content=\"2 minutes\" \/>\n<script type=\"application\/ld+json\" class=\"yoast-schema-graph\">{\"@context\":\"https:\/\/schema.org\",\"@graph\":[{\"@type\":\"WebPage\",\"@id\":\"https:\/\/climallorca.net\/en\/shop\/accessories-en\/johnson-k2-35k-3000-frigorias\/\",\"url\":\"https:\/\/climallorca.net\/en\/shop\/accessories-en\/johnson-k2-35k-3000-frigorias\/\",\"name\":\"JOHNSON K2-35K 3000 FRIGOR\u00cdAS - Climallorca\",\"isPartOf\":{\"@id\":\"https:\/\/climallorca.net\/en\/#website\"},\"primaryImageOfPage\":{\"@id\":\"https:\/\/climallorca.net\/en\/shop\/accessories-en\/johnson-k2-35k-3000-frigorias\/#primaryimage\"},\"image\":{\"@id\":\"https:\/\/climallorca.net\/en\/shop\/accessories-en\/johnson-k2-35k-3000-frigorias\/#primaryimage\"},\"thumbnailUrl\":\"https:\/\/climallorca.net\/wp-content\/uploads\/2023\/06\/Foto.jpg\",\"datePublished\":\"2024-11-15T10:26:35+00:00\",\"breadcrumb\":{\"@id\":\"https:\/\/climallorca.net\/en\/shop\/accessories-en\/johnson-k2-35k-3000-frigorias\/#breadcrumb\"},\"inLanguage\":\"en-US\",\"potentialAction\":[{\"@type\":\"ReadAction\",\"target\":[\"https:\/\/climallorca.net\/en\/shop\/accessories-en\/johnson-k2-35k-3000-frigorias\/\"]}]},{\"@type\":\"ImageObject\",\"inLanguage\":\"en-US\",\"@id\":\"https:\/\/climallorca.net\/en\/shop\/accessories-en\/johnson-k2-35k-3000-frigorias\/#primaryimage\",\"url\":\"https:\/\/climallorca.net\/wp-content\/uploads\/2023\/06\/Foto.jpg\",\"contentUrl\":\"https:\/\/climallorca.net\/wp-content\/uploads\/2023\/06\/Foto.jpg\",\"width\":767,\"height\":711},{\"@type\":\"BreadcrumbList\",\"@id\":\"https:\/\/climallorca.net\/en\/shop\/accessories-en\/johnson-k2-35k-3000-frigorias\/#breadcrumb\",\"itemListElement\":[{\"@type\":\"ListItem\",\"position\":1,\"name\":\"Portada\",\"item\":\"https:\/\/climallorca.net\/en\/\"},{\"@type\":\"ListItem\",\"position\":2,\"name\":\"Shop\",\"item\":\"https:\/\/climallorca.net\/en\/shop\/\"},{\"@type\":\"ListItem\",\"position\":3,\"name\":\"JOHNSON K2-35K 3000 FRIGOR\u00cdAS\"}]},{\"@type\":\"WebSite\",\"@id\":\"https:\/\/climallorca.net\/en\/#website\",\"url\":\"https:\/\/climallorca.net\/en\/\",\"name\":\"Climallorca\",\"description\":\"Climatizaci\u00f3n y fr\u00edo industrial\",\"publisher\":{\"@id\":\"https:\/\/climallorca.net\/en\/#organization\"},\"potentialAction\":[{\"@type\":\"SearchAction\",\"target\":{\"@type\":\"EntryPoint\",\"urlTemplate\":\"https:\/\/climallorca.net\/en\/?s={search_term_string}\"},\"query-input\":{\"@type\":\"PropertyValueSpecification\",\"valueRequired\":true,\"valueName\":\"search_term_string\"}}],\"inLanguage\":\"en-US\"},{\"@type\":\"Organization\",\"@id\":\"https:\/\/climallorca.net\/en\/#organization\",\"name\":\"Climallorca\",\"url\":\"https:\/\/climallorca.net\/en\/\",\"logo\":{\"@type\":\"ImageObject\",\"inLanguage\":\"en-US\",\"@id\":\"https:\/\/climallorca.net\/en\/#\/schema\/logo\/image\/\",\"url\":\"https:\/\/beta.climallorca.net\/wp-content\/uploads\/2023\/06\/logo-header.svg\",\"contentUrl\":\"https:\/\/beta.climallorca.net\/wp-content\/uploads\/2023\/06\/logo-header.svg\",\"width\":223,\"height\":40,\"caption\":\"Climallorca\"},\"image\":{\"@id\":\"https:\/\/climallorca.net\/en\/#\/schema\/logo\/image\/\"},\"sameAs\":[\"https:\/\/es-es.facebook.com\/pg\/Climallorca-413811012141219\/posts\/\"]}]}<\/script>\n<!-- \/ Yoast SEO plugin. -->","yoast_head_json":{"title":"JOHNSON K2-35K 3000 FRIGOR\u00cdAS - Climallorca","robots":{"index":"index","follow":"follow","max-snippet":"max-snippet:-1","max-image-preview":"max-image-preview:large","max-video-preview":"max-video-preview:-1"},"canonical":"https:\/\/climallorca.net\/en\/shop\/accessories-en\/johnson-k2-35k-3000-frigorias\/","og_locale":"en_US","og_type":"article","og_title":"JOHNSON K2-35K 3000 FRIGOR\u00cdAS - Climallorca","og_description":"Aire Acondicionado Caracter\u00edsticas de Aire Acondicionado\u00a0 Modos Turbo, Descanso, Deshumidificaci\u00f3n, Auto y Ventilador 6 Velocidades seleccionables Refrigeraci\u00f3n instant\u00e1nea Tuber\u00edas de","og_url":"https:\/\/climallorca.net\/en\/shop\/accessories-en\/johnson-k2-35k-3000-frigorias\/","og_site_name":"Climallorca","article_publisher":"https:\/\/es-es.facebook.com\/pg\/Climallorca-413811012141219\/posts\/","og_image":[{"width":767,"height":711,"url":"https:\/\/climallorca.net\/wp-content\/uploads\/2023\/06\/Foto.jpg","type":"image\/jpeg"}],"twitter_card":"summary_large_image","twitter_misc":{"Est. reading time":"2 minutes"},"schema":{"@context":"https:\/\/schema.org","@graph":[{"@type":"WebPage","@id":"https:\/\/climallorca.net\/en\/shop\/accessories-en\/johnson-k2-35k-3000-frigorias\/","url":"https:\/\/climallorca.net\/en\/shop\/accessories-en\/johnson-k2-35k-3000-frigorias\/","name":"JOHNSON K2-35K 3000 FRIGOR\u00cdAS - Climallorca","isPartOf":{"@id":"https:\/\/climallorca.net\/en\/#website"},"primaryImageOfPage":{"@id":"https:\/\/climallorca.net\/en\/shop\/accessories-en\/johnson-k2-35k-3000-frigorias\/#primaryimage"},"image":{"@id":"https:\/\/climallorca.net\/en\/shop\/accessories-en\/johnson-k2-35k-3000-frigorias\/#primaryimage"},"thumbnailUrl":"https:\/\/climallorca.net\/wp-content\/uploads\/2023\/06\/Foto.jpg","datePublished":"2024-11-15T10:26:35+00:00","breadcrumb":{"@id":"https:\/\/climallorca.net\/en\/shop\/accessories-en\/johnson-k2-35k-3000-frigorias\/#breadcrumb"},"inLanguage":"en-US","potentialAction":[{"@type":"ReadAction","target":["https:\/\/climallorca.net\/en\/shop\/accessories-en\/johnson-k2-35k-3000-frigorias\/"]}]},{"@type":"ImageObject","inLanguage":"en-US","@id":"https:\/\/climallorca.net\/en\/shop\/accessories-en\/johnson-k2-35k-3000-frigorias\/#primaryimage","url":"https:\/\/climallorca.net\/wp-content\/uploads\/2023\/06\/Foto.jpg","contentUrl":"https:\/\/climallorca.net\/wp-content\/uploads\/2023\/06\/Foto.jpg","width":767,"height":711},{"@type":"BreadcrumbList","@id":"https:\/\/climallorca.net\/en\/shop\/accessories-en\/johnson-k2-35k-3000-frigorias\/#breadcrumb","itemListElement":[{"@type":"ListItem","position":1,"name":"Portada","item":"https:\/\/climallorca.net\/en\/"},{"@type":"ListItem","position":2,"name":"Shop","item":"https:\/\/climallorca.net\/en\/shop\/"},{"@type":"ListItem","position":3,"name":"JOHNSON K2-35K 3000 FRIGOR\u00cdAS"}]},{"@type":"WebSite","@id":"https:\/\/climallorca.net\/en\/#website","url":"https:\/\/climallorca.net\/en\/","name":"Climallorca","description":"Climatizaci\u00f3n y fr\u00edo industrial","publisher":{"@id":"https:\/\/climallorca.net\/en\/#organization"},"potentialAction":[{"@type":"SearchAction","target":{"@type":"EntryPoint","urlTemplate":"https:\/\/climallorca.net\/en\/?s={search_term_string}"},"query-input":{"@type":"PropertyValueSpecification","valueRequired":true,"valueName":"search_term_string"}}],"inLanguage":"en-US"},{"@type":"Organization","@id":"https:\/\/climallorca.net\/en\/#organization","name":"Climallorca","url":"https:\/\/climallorca.net\/en\/","logo":{"@type":"ImageObject","inLanguage":"en-US","@id":"https:\/\/climallorca.net\/en\/#\/schema\/logo\/image\/","url":"https:\/\/beta.climallorca.net\/wp-content\/uploads\/2023\/06\/logo-header.svg","contentUrl":"https:\/\/beta.climallorca.net\/wp-content\/uploads\/2023\/06\/logo-header.svg","width":223,"height":40,"caption":"Climallorca"},"image":{"@id":"https:\/\/climallorca.net\/en\/#\/schema\/logo\/image\/"},"sameAs":["https:\/\/es-es.facebook.com\/pg\/Climallorca-413811012141219\/posts\/"]}]}},"_links":{"self":[{"href":"https:\/\/climallorca.net\/en\/wp-json\/wp\/v2\/product\/3899","targetHints":{"allow":["GET"]}}],"collection":[{"href":"https:\/\/climallorca.net\/en\/wp-json\/wp\/v2\/product"}],"about":[{"href":"https:\/\/climallorca.net\/en\/wp-json\/wp\/v2\/types\/product"}],"replies":[{"embeddable":true,"href":"https:\/\/climallorca.net\/en\/wp-json\/wp\/v2\/comments?post=3899"}],"wp:featuredmedia":[{"embeddable":true,"href":"https:\/\/climallorca.net\/en\/wp-json\/wp\/v2\/media\/3895"}],"wp:attachment":[{"href":"https:\/\/climallorca.net\/en\/wp-json\/wp\/v2\/media?parent=3899"}],"wp:term":[{"taxonomy":"product_brand","embeddable":true,"href":"https:\/\/climallorca.net\/en\/wp-json\/wp\/v2\/product_brand?post=3899"},{"taxonomy":"product_cat","embeddable":true,"href":"https:\/\/climallorca.net\/en\/wp-json\/wp\/v2\/product_cat?post=3899"},{"taxonomy":"product_tag","embeddable":true,"href":"https:\/\/climallorca.net\/en\/wp-json\/wp\/v2\/product_tag?post=3899"}],"curies":[{"name":"wp","href":"https:\/\/api.w.org\/{rel}","templated":true}]}}